{"id":1521,"date":"2021-12-20T10:01:54","date_gmt":"2021-12-20T09:01:54","guid":{"rendered":"http:\/\/www.itxasmarine.com\/company\/"},"modified":"2022-04-01T12:40:30","modified_gmt":"2022-04-01T10:40:30","slug":"company","status":"publish","type":"page","link":"https:\/\/www.itxasmarine.com\/en\/company\/","title":{"rendered":"Company"},"content":{"rendered":"<p>[et_pb_section fb_built=&#8221;1&#8243; _builder_version=&#8221;4.14.2&#8243; _module_preset=&#8221;default&#8221; custom_padding=&#8221;0px||0px||false|false&#8221; global_colors_info=&#8221;{}&#8221;][et_pb_row _builder_version=&#8221;4.14.2&#8243; _module_preset=&#8221;default&#8221; custom_padding=&#8221;0px||0px||false|false&#8221; global_colors_info=&#8221;{}&#8221;][et_pb_column type=&#8221;4_4&#8243; _builder_version=&#8221;4.14.2&#8243; _module_preset=&#8221;default&#8221; global_colors_info=&#8221;{}&#8221;][\/et_pb_column][\/et_pb_row][\/et_pb_section][et_pb_section fb_built=&#8221;1&#8243; _builder_version=&#8221;4.14.2&#8243; _module_preset=&#8221;default&#8221; background_color=&#8221;#F2F2F2&#8243; custom_padding=&#8221;30px||30px||false|false&#8221; global_colors_info=&#8221;{}&#8221;][et_pb_row _builder_version=&#8221;4.14.2&#8243; _module_preset=&#8221;default&#8221; global_colors_info=&#8221;{}&#8221;][et_pb_column type=&#8221;4_4&#8243; _builder_version=&#8221;4.14.2&#8243; _module_preset=&#8221;default&#8221; global_colors_info=&#8221;{}&#8221;][et_pb_text _builder_version=&#8221;4.14.4&#8243; _module_preset=&#8221;default&#8221; header_text_align=&#8221;center&#8221; header_text_color=&#8221;#000000&#8243; header_2_text_align=&#8221;center&#8221; global_colors_info=&#8221;{}&#8221;]<\/p>\n<h1>Company<\/h1>\n<p>[\/et_pb_text][et_pb_divider color=&#8221;RGBA(255,255,255,0)&#8221; _builder_version=&#8221;4.14.2&#8243; _module_preset=&#8221;default&#8221; use_background_color_gradient=&#8221;on&#8221; background_color_gradient_start=&#8221;#38beea&#8221; background_color_gradient_end=&#8221;#08427a&#8221; background_color_gradient_direction=&#8221;90deg&#8221; width=&#8221;130px&#8221; module_alignment=&#8221;center&#8221; height=&#8221;6px&#8221; global_colors_info=&#8221;{}&#8221;][\/et_pb_divider][et_pb_text _builder_version=&#8221;4.14.4&#8243; _module_preset=&#8221;default&#8221; text_orientation=&#8221;center&#8221; global_colors_info=&#8221;{}&#8221;]<\/p>\n<p>Itxasmarine has considerable experience in turnkey projects and conversions as well as in large repair jobs. Likewise, in the design and building of electrical switchboards, control consoles, specific controls for propulsion engines, auxiliary engines, etc.<\/p>\n<p>[\/et_pb_text][\/et_pb_column][\/et_pb_row][\/et_pb_section][et_pb_section fb_built=&#8221;1&#8243; _builder_version=&#8221;4.14.4&#8243; _module_preset=&#8221;default&#8221; custom_padding=&#8221;30px||0px||false|false&#8221; global_colors_info=&#8221;{}&#8221;][et_pb_row _builder_version=&#8221;4.14.2&#8243; _module_preset=&#8221;default&#8221; global_colors_info=&#8221;{}&#8221;][et_pb_column type=&#8221;4_4&#8243; _builder_version=&#8221;4.14.2&#8243; _module_preset=&#8221;default&#8221; global_colors_info=&#8221;{}&#8221;][et_pb_text _builder_version=&#8221;4.14.4&#8243; _module_preset=&#8221;default&#8221; header_2_text_align=&#8221;left&#8221; global_colors_info=&#8221;{}&#8221;]<\/p>\n<h3>Know us<\/h3>\n<p>[\/et_pb_text][\/et_pb_column][\/et_pb_row][et_pb_row column_structure=&#8221;1_3,1_3,1_3&#8243; make_equal=&#8221;on&#8221; _builder_version=&#8221;4.14.9&#8243; _module_preset=&#8221;default&#8221; custom_padding=&#8221;0px||||false|false&#8221; hover_enabled=&#8221;0&#8243; global_colors_info=&#8221;{}&#8221; sticky_enabled=&#8221;0&#8243;][et_pb_column type=&#8221;1_3&#8243; _builder_version=&#8221;4.14.3&#8243; _module_preset=&#8221;default&#8221; global_colors_info=&#8221;{}&#8221;][et_pb_text _builder_version=&#8221;4.14.9&#8243; _module_preset=&#8221;default&#8221; global_colors_info=&#8221;{}&#8221;]<\/p>\n<p>ITXASMARINE, is a Gipuzkoan company founded in 1999, dedicated to electrical engineering and specialized in the naval sector. ITXASMARINE was born from the hand of a group of professionals from a company dedicated to the same activity. The company has a solid staff composed of a team of specialists, backed by a long history in the sector that has given them experience in turnkey projects, transformations and major repairs. This experience is visible in the integration of different systems, as well as in the design and manufacture of electrical panels, control desks, specific controls for propellers and auxiliary motors, alarms&#8230;<\/p>\n<p>ITXASMARINE, has the ISO 9001, ISO 14001 and ISO 45001 certificates that endorse it as a company oriented to offer service to clients who seek in quality a true added value, consolidating itself as a reference company in the naval sector, by providing its customers with technical support and personalized advice, with active presence in all phases of any project:  pre-phase, execution, post-delivery.<\/p>\n<p>[\/et_pb_text][\/et_pb_column][et_pb_column type=&#8221;1_3&#8243; _builder_version=&#8221;4.14.3&#8243; _module_preset=&#8221;default&#8221; global_colors_info=&#8221;{}&#8221;][et_pb_text _builder_version=&#8221;4.14.4&#8243; _module_preset=&#8221;default&#8221; custom_margin=&#8221;||10px||false|false&#8221; global_colors_info=&#8221;{}&#8221;]<\/p>\n<p>\nItxasmarine\u2019s main activity is geared towards:<\/p>\n<p>[\/et_pb_text][et_pb_text _builder_version=&#8221;4.14.4&#8243; _module_preset=&#8221;default&#8221; global_colors_info=&#8221;{}&#8221;]<\/p>\n<ul>\n<li>Electrical engineering.<\/li>\n<li>Naval and industrial electrical installations.<\/li>\n<li>Turnkey projects.<\/li>\n<li>Automation development and manufacture of specific control equipment.<\/li>\n<li>Modification, repair and maintenance of naval and industrial electrical installations.<\/li>\n<li>Manufacture and assembly of electrical switchboard.<\/li>\n<li>Consulting.<\/li>\n<li>Installation and maintenance of fire detection systems.<\/li>\n<li>Miscellaneous electrical components and equipment supply.<\/li>\n<li>Low voltage installations.<\/li>\n<\/ul>\n<p>[\/et_pb_text][\/et_pb_column][et_pb_column type=&#8221;1_3&#8243; _builder_version=&#8221;4.14.9&#8243; _module_preset=&#8221;default&#8221; hover_enabled=&#8221;0&#8243; global_colors_info=&#8221;{}&#8221; title_text=&#8221;ingenieros Itxasmarine&#8221; sticky_enabled=&#8221;0&#8243; background_enable_image=&#8221;off&#8221;][et_pb_image src=&#8221;http:\/\/www.itxasmarine.com\/wp-content\/uploads\/2022\/03\/ingenieros-Itxasmarine.jpg&#8221; alt=&#8221;Itxasmarine engineers &#8221; title_text=&#8221;Itxasmarine engineers &#8221; _builder_version=&#8221;4.14.9&#8243; _module_preset=&#8221;default&#8221; hover_enabled=&#8221;0&#8243; global_colors_info=&#8221;{}&#8221; sticky_enabled=&#8221;0&#8243;][\/et_pb_image][\/et_pb_column][\/et_pb_row][et_pb_row _builder_version=&#8221;4.14.3&#8243; _module_preset=&#8221;default&#8221; custom_padding=&#8221;||0px||false|false&#8221; global_colors_info=&#8221;{}&#8221;][et_pb_column type=&#8221;4_4&#8243; _builder_version=&#8221;4.14.3&#8243; _module_preset=&#8221;default&#8221; global_colors_info=&#8221;{}&#8221;][et_pb_divider color=&#8221;#38BEEA&#8221; divider_weight=&#8221;2px&#8221; _builder_version=&#8221;4.14.3&#8243; _module_preset=&#8221;default&#8221; global_colors_info=&#8221;{}&#8221;][\/et_pb_divider][\/et_pb_column][\/et_pb_row][\/et_pb_section][et_pb_section fb_built=&#8221;1&#8243; _builder_version=&#8221;4.14.3&#8243; _module_preset=&#8221;default&#8221; custom_padding=&#8221;0px||0px||false|false&#8221; global_colors_info=&#8221;{}&#8221;][et_pb_row _builder_version=&#8221;4.14.2&#8243; _module_preset=&#8221;default&#8221; global_colors_info=&#8221;{}&#8221;][et_pb_column type=&#8221;4_4&#8243; _builder_version=&#8221;4.14.2&#8243; _module_preset=&#8221;default&#8221; global_colors_info=&#8221;{}&#8221;][et_pb_text _builder_version=&#8221;4.14.4&#8243; _module_preset=&#8221;default&#8221; header_2_text_align=&#8221;left&#8221; header_3_text_align=&#8221;center&#8221; global_colors_info=&#8221;{}&#8221;]<\/p>\n<h3>We inspire confidence<\/h3>\n<p>[\/et_pb_text][et_pb_text _builder_version=&#8221;4.14.9&#8243; _module_preset=&#8221;default&#8221; text_orientation=&#8221;center&#8221; global_colors_info=&#8221;{}&#8221;]<\/p>\n<p>\u00a0\u00a0\u00a0\u00a0\u00a0\u00a0\u00a0\u00a0\u00a0\u00a0\u00a0 Itxasmarine has the trust of the following regular customers. We offer a global service of high quality and efficiency, the projects are faced in close collaboration, giving fluidity to the information and always attending to the specific needs of each client.<\/p>\n<p>[\/et_pb_text][\/et_pb_column][\/et_pb_row][et_pb_row column_structure=&#8221;1_4,1_4,1_4,1_4&#8243; use_custom_gutter=&#8221;on&#8221; gutter_width=&#8221;2&#8243; make_equal=&#8221;on&#8221; _builder_version=&#8221;4.14.9&#8243; _module_preset=&#8221;default&#8221; custom_padding=&#8221;10px||||false|false&#8221; global_colors_info=&#8221;{}&#8221;][et_pb_column type=&#8221;1_4&#8243; _builder_version=&#8221;4.14.9&#8243; _module_preset=&#8221;default&#8221; global_colors_info=&#8221;{}&#8221; background__hover_enabled=&#8221;on|hover&#8221; background_color__hover=&#8221;#E6E6E6&#8243; background_enable_color__hover=&#8221;on&#8221;][et_pb_toggle title=&#8221;  Shipyards&#8221; open_toggle_background_color=&#8221;RGBA(255,255,255,0)&#8221; closed_toggle_background_color=&#8221;RGBA(255,255,255,0)&#8221; icon_color=&#8221;#38BEEA&#8221; toggle_icon=&#8221;&#x4c;||divi||400&#8243; use_icon_font_size=&#8221;on&#8221; icon_font_size=&#8221;29px&#8221; open_icon_color=&#8221;#38BEEA&#8221; open_toggle_icon=&#8221;&#x4b;||divi||400&#8243; open_use_icon_font_size=&#8221;on&#8221; open_icon_font_size=&#8221;29px&#8221; _builder_version=&#8221;4.14.9&#8243; _module_preset=&#8221;default&#8221; title_text_color=&#8221;#0B72B5&#8243; title_level=&#8221;h4&#8243; title_font=&#8221;|600|||||||&#8221; width_tablet=&#8221;100%&#8221; width_phone=&#8221;100%&#8221; width_last_edited=&#8221;on|tablet&#8221; max_width_tablet=&#8221;100%&#8221; max_width_phone=&#8221;100%&#8221; max_width_last_edited=&#8221;on|desktop&#8221; border_width_all=&#8221;2px&#8221; border_color_all=&#8221;#38BEEA&#8221; global_colors_info=&#8221;{}&#8221;]<\/p>\n<ul>\n<li>Astilleros Zamakona (Spain).<\/li>\n<li>Astilleros Murueta (Spain).<\/li>\n<li>Astilleros Balenciaga (Spain).<\/li>\n<li>Astilleros Pasaia (Spain).<\/li>\n<li>Uni\u00f3n Naval Valencia (Spain).<\/li>\n<li>Factor\u00eda Naval De Marin (Spain).<\/li>\n<li>Astilleros I . Olaziregi (Spain).<\/li>\n<li>Asmar (Chile).<\/li>\n<\/ul>\n<p>[\/et_pb_toggle][\/et_pb_column][et_pb_column type=&#8221;1_4&#8243; _builder_version=&#8221;4.14.9&#8243; _module_preset=&#8221;default&#8221; global_colors_info=&#8221;{}&#8221; background__hover_enabled=&#8221;on|hover&#8221; background_color__hover=&#8221;#E6E6E6&#8243; background_enable_color__hover=&#8221;on&#8221;][et_pb_toggle title=&#8221;Conversions &#8221; open_toggle_background_color=&#8221;RGBA(255,255,255,0)&#8221; closed_toggle_background_color=&#8221;RGBA(255,255,255,0)&#8221; icon_color=&#8221;#38BEEA&#8221; toggle_icon=&#8221;&#x4c;||divi||400&#8243; use_icon_font_size=&#8221;on&#8221; icon_font_size=&#8221;29px&#8221; open_icon_color=&#8221;#38BEEA&#8221; open_toggle_icon=&#8221;&#x4b;||divi||400&#8243; open_use_icon_font_size=&#8221;on&#8221; open_icon_font_size=&#8221;29px&#8221; _builder_version=&#8221;4.14.4&#8243; _module_preset=&#8221;default&#8221; title_text_color=&#8221;#0B72B5&#8243; title_level=&#8221;h4&#8243; title_font=&#8221;|600|||||||&#8221; width_tablet=&#8221;100%&#8221; width_phone=&#8221;100%&#8221; width_last_edited=&#8221;off|desktop&#8221; max_width_tablet=&#8221;100%&#8221; max_width_phone=&#8221;100%&#8221; max_width_last_edited=&#8221;on|desktop&#8221; border_width_all=&#8221;2px&#8221; border_color_all=&#8221;#38BEEA&#8221; global_colors_info=&#8221;{}&#8221;]<\/p>\n<ul>\n<li>M\/V Charo (lengthening)<\/li>\n<li>M\/V Napole\u00f3n (lengthening)<\/li>\n<li>M\/V Bah\u00eda de Guipuzcoa Bah\u00eda de San Sebasti\u00e1n (Power increase and freezing plant installation)<\/li>\n<\/ul>\n<p>[\/et_pb_toggle][\/et_pb_column][et_pb_column type=&#8221;1_4&#8243; _builder_version=&#8221;4.14.9&#8243; _module_preset=&#8221;default&#8221; global_colors_info=&#8221;{}&#8221; background__hover_enabled=&#8221;on|hover&#8221; background_color__hover=&#8221;#E6E6E6&#8243; background_enable_color__hover=&#8221;on&#8221;][et_pb_toggle title=&#8221;Shipowners &#8221; open_toggle_background_color=&#8221;RGBA(255,255,255,0)&#8221; closed_toggle_background_color=&#8221;RGBA(255,255,255,0)&#8221; icon_color=&#8221;#38BEEA&#8221; toggle_icon=&#8221;&#x4c;||divi||400&#8243; use_icon_font_size=&#8221;on&#8221; icon_font_size=&#8221;29px&#8221; open_icon_color=&#8221;#38BEEA&#8221; open_toggle_icon=&#8221;&#x4b;||divi||400&#8243; open_use_icon_font_size=&#8221;on&#8221; open_icon_font_size=&#8221;29px&#8221; _builder_version=&#8221;4.14.9&#8243; _module_preset=&#8221;default&#8221; title_text_color=&#8221;#0B72B5&#8243; title_level=&#8221;h4&#8243; title_font=&#8221;|600|||||||&#8221; width_tablet=&#8221;100%&#8221; width_phone=&#8221;100%&#8221; width_last_edited=&#8221;on|tablet&#8221; max_width_tablet=&#8221;100%&#8221; max_width_phone=&#8221;100%&#8221; max_width_last_edited=&#8221;on|desktop&#8221; border_width_all=&#8221;2px&#8221; border_color_all=&#8221;#38BEEA&#8221; global_colors_info=&#8221;{}&#8221;]<\/p>\n<div class=\"et_pb_module et_pb_text et_pb_text_5  et_pb_text_align_left et_pb_bg_layout_light\">\n<div class=\"et_pb_text_inner\">\n<p>Tugs:<\/p>\n<ul>\n<li>Remolcadores Ibaizabal (Spain).<\/li>\n<li>Remolcadores Rebarsa (Spain).<\/li>\n<li>Remolcadores Boluda (Spain).<\/li>\n<li>Svitzer (U.K.)<\/li>\n<li>Wijsmuller (Holland)<\/li>\n<\/ul>\n<div>\n<div>\n<p>Fishing companies:<\/p>\n<ul>\n<li>Pevasa (Spain).<\/li>\n<li>Pebertu (Spain).<\/li>\n<li>Echebastar (Spain).<\/li>\n<li>Atunanca (Venezuela).<\/li>\n<li>C. Garavilla (Spain).<\/li>\n<\/ul>\n<div>\n<div>\n<p>Merchant vessels:<\/p>\n<ul>\n<li>T. M. Alcudia (Spain).<\/li>\n<li>Eiffel Shiping (Spain).<\/li>\n<\/ul>\n<\/div>\n<\/div>\n<\/div>\n<\/div>\n<\/div>\n<\/div>\n<p>[\/et_pb_toggle][\/et_pb_column][et_pb_column type=&#8221;1_4&#8243; _builder_version=&#8221;4.14.9&#8243; _module_preset=&#8221;default&#8221; global_colors_info=&#8221;{}&#8221; background__hover_enabled=&#8221;on|hover&#8221; background_color__hover=&#8221;#E6E6E6&#8243; background_enable_color__hover=&#8221;on&#8221;][et_pb_toggle title=&#8221;Sundry&#8221; open_toggle_background_color=&#8221;RGBA(255,255,255,0)&#8221; closed_toggle_background_color=&#8221;RGBA(255,255,255,0)&#8221; icon_color=&#8221;#38BEEA&#8221; toggle_icon=&#8221;&#x4c;||divi||400&#8243; use_icon_font_size=&#8221;on&#8221; icon_font_size=&#8221;29px&#8221; open_icon_color=&#8221;#38BEEA&#8221; open_toggle_icon=&#8221;&#x4b;||divi||400&#8243; open_use_icon_font_size=&#8221;on&#8221; open_icon_font_size=&#8221;29px&#8221; _builder_version=&#8221;4.14.4&#8243; _module_preset=&#8221;default&#8221; title_text_color=&#8221;#0B72B5&#8243; title_level=&#8221;h4&#8243; title_font=&#8221;|600|||||||&#8221; width_tablet=&#8221;100%&#8221; width_phone=&#8221;100%&#8221; width_last_edited=&#8221;on|tablet&#8221; max_width_tablet=&#8221;100%&#8221; max_width_phone=&#8221;100%&#8221; max_width_last_edited=&#8221;on|desktop&#8221; border_width_all=&#8221;2px&#8221; border_color_all=&#8221;#38BEEA&#8221; global_colors_info=&#8221;{}&#8221;]<\/p>\n<div>\n<div>\n<p>Marine engine manufacturers:\n<\/p>\n<ul>\n<li>Mitsubishi Engines (Spain-Portugal).<\/li>\n<\/ul>\n<\/div>\n<\/div>\n<div>\n<div>\n<p>Malls:\n<\/p>\n<\/div>\n<\/div>\n<div>\n<div>\n<ul>\n<li>Alcampo (Spain-Portugal).<\/li>\n<\/ul>\n<\/div>\n<\/div>\n<p>[\/et_pb_toggle][\/et_pb_column][\/et_pb_row][et_pb_row _builder_version=&#8221;4.14.3&#8243; _module_preset=&#8221;default&#8221; custom_padding=&#8221;||0px||false|false&#8221; global_colors_info=&#8221;{}&#8221;][et_pb_column type=&#8221;4_4&#8243; _builder_version=&#8221;4.14.3&#8243; _module_preset=&#8221;default&#8221; global_colors_info=&#8221;{}&#8221;][et_pb_divider color=&#8221;#38BEEA&#8221; divider_weight=&#8221;2px&#8221; _builder_version=&#8221;4.14.3&#8243; _module_preset=&#8221;default&#8221; global_colors_info=&#8221;{}&#8221;][\/et_pb_divider][\/et_pb_column][\/et_pb_row][\/et_pb_section][et_pb_section fb_built=&#8221;1&#8243; _builder_version=&#8221;4.14.3&#8243; _module_preset=&#8221;default&#8221; custom_padding=&#8221;0px||0px||false|false&#8221; global_colors_info=&#8221;{}&#8221;][et_pb_row _builder_version=&#8221;4.14.2&#8243; _module_preset=&#8221;default&#8221; global_colors_info=&#8221;{}&#8221;][et_pb_column type=&#8221;4_4&#8243; _builder_version=&#8221;4.14.2&#8243; _module_preset=&#8221;default&#8221; global_colors_info=&#8221;{}&#8221;][et_pb_text _builder_version=&#8221;4.14.4&#8243; _module_preset=&#8221;default&#8221; header_2_text_align=&#8221;left&#8221; header_3_text_align=&#8221;left&#8221; global_colors_info=&#8221;{}&#8221;]<\/p>\n<h3>Supplies<\/h3>\n<p>[\/et_pb_text][\/et_pb_column][\/et_pb_row][et_pb_row column_structure=&#8221;2_5,3_5&#8243; use_custom_gutter=&#8221;on&#8221; _builder_version=&#8221;4.14.4&#8243; _module_preset=&#8221;default&#8221; custom_padding=&#8221;0px||||false|false&#8221; global_colors_info=&#8221;{}&#8221;][et_pb_column type=&#8221;2_5&#8243; _builder_version=&#8221;4.14.4&#8243; _module_preset=&#8221;default&#8221; global_colors_info=&#8221;{}&#8221;][et_pb_text _builder_version=&#8221;4.14.4&#8243; _module_preset=&#8221;default&#8221; global_colors_info=&#8221;{}&#8221;]<\/p>\n<p>We work in direct contact with some of the best manufacturers or through various warehouses of electrical equipment. That way we can supply our customers with the spare parts they need highly effectively and with the reliability provided by the top manufacturers.<\/p>\n<p>[\/et_pb_text][\/et_pb_column][et_pb_column type=&#8221;3_5&#8243; _builder_version=&#8221;4.14.4&#8243; _module_preset=&#8221;default&#8221; global_colors_info=&#8221;{}&#8221;][dsm_image_carousel gallery_ids=&#8221;1143,1144,1145,1146,1147,1148,1149,1150,1151,1152,1153,1154,1155&#8243; space_between=&#8221;40&#8243; dots=&#8221;off&#8221; arrow_color=&#8221;#38BEEA&#8221; _builder_version=&#8221;4.14.9&#8243; _module_preset=&#8221;default&#8221; global_colors_info=&#8221;{}&#8221;][\/dsm_image_carousel][\/et_pb_column][\/et_pb_row][et_pb_row _builder_version=&#8221;4.14.3&#8243; _module_preset=&#8221;default&#8221; custom_padding=&#8221;||0px||false|false&#8221; global_colors_info=&#8221;{}&#8221;][et_pb_column type=&#8221;4_4&#8243; _builder_version=&#8221;4.14.3&#8243; _module_preset=&#8221;default&#8221; global_colors_info=&#8221;{}&#8221;][et_pb_divider color=&#8221;#38BEEA&#8221; divider_weight=&#8221;2px&#8221; _builder_version=&#8221;4.14.3&#8243; _module_preset=&#8221;default&#8221; global_colors_info=&#8221;{}&#8221;][\/et_pb_divider][\/et_pb_column][\/et_pb_row][\/et_pb_section][et_pb_section fb_built=&#8221;1&#8243; _builder_version=&#8221;4.14.4&#8243; _module_preset=&#8221;default&#8221; custom_padding=&#8221;0px||||false|false&#8221; global_colors_info=&#8221;{}&#8221;][et_pb_row _builder_version=&#8221;4.14.2&#8243; _module_preset=&#8221;default&#8221; global_colors_info=&#8221;{}&#8221;][et_pb_column type=&#8221;4_4&#8243; _builder_version=&#8221;4.14.2&#8243; _module_preset=&#8221;default&#8221; global_colors_info=&#8221;{}&#8221;][et_pb_text _builder_version=&#8221;4.14.4&#8243; _module_preset=&#8221;default&#8221; header_2_text_align=&#8221;left&#8221; header_3_text_align=&#8221;left&#8221; global_colors_info=&#8221;{}&#8221;]<\/p>\n<h3>Partners<\/h3>\n<p>[\/et_pb_text][\/et_pb_column][\/et_pb_row][et_pb_row column_structure=&#8221;3_4,1_4&#8243; use_custom_gutter=&#8221;on&#8221; _builder_version=&#8221;4.14.4&#8243; _module_preset=&#8221;default&#8221; custom_padding=&#8221;0px||||false|false&#8221; global_colors_info=&#8221;{}&#8221;][et_pb_column type=&#8221;3_4&#8243; _builder_version=&#8221;4.14.4&#8243; _module_preset=&#8221;default&#8221; global_colors_info=&#8221;{}&#8221;][et_pb_text _builder_version=&#8221;4.14.4&#8243; _module_preset=&#8221;default&#8221; global_colors_info=&#8221;{}&#8221;]<\/p>\n<p>\nItxasmarine is member of a group formed by various expert companies in the naval sector, each one with expertise in a different field within this sector. This commitment seeks to offer the customer a global service of great quality and efficiency, since the projects are tackled in close collaboration, with each company providing its proven experience and allowing information to flow smoothly.\n<\/p>\n<p>[\/et_pb_text][\/et_pb_column][et_pb_column type=&#8221;1_4&#8243; _builder_version=&#8221;4.14.4&#8243; _module_preset=&#8221;default&#8221; global_colors_info=&#8221;{}&#8221;][\/et_pb_column][\/et_pb_row][\/et_pb_section]<\/p>\n","protected":false},"excerpt":{"rendered":"<p>CompanyItxasmarine has considerable experience in turnkey projects and conversions as well as in large repair jobs. Likewise, in the design and building of electrical switchboards, control consoles, specific controls for propulsion engines, auxiliary engines, etc.Know usITXASMARINE, is a Gipuzkoan company founded in 1999, dedicated to electrical engineering and specialized in the naval sector. ITXASMARINE was [&hellip;]<\/p>\n","protected":false},"author":1,"featured_media":0,"parent":0,"menu_order":0,"comment_status":"closed","ping_status":"open","template":"","meta":{"_et_pb_use_builder":"on","_et_pb_old_content":"","_et_gb_content_width":"","footnotes":""},"class_list":["post-1521","page","type-page","status-publish","hentry"],"_links":{"self":[{"href":"https:\/\/www.itxasmarine.com\/en\/wp-json\/wp\/v2\/pages\/1521","targetHints":{"allow":["GET"]}}],"collection":[{"href":"https:\/\/www.itxasmarine.com\/en\/wp-json\/wp\/v2\/pages"}],"about":[{"href":"https:\/\/www.itxasmarine.com\/en\/wp-json\/wp\/v2\/types\/page"}],"author":[{"embeddable":true,"href":"https:\/\/www.itxasmarine.com\/en\/wp-json\/wp\/v2\/users\/1"}],"replies":[{"embeddable":true,"href":"https:\/\/www.itxasmarine.com\/en\/wp-json\/wp\/v2\/comments?post=1521"}],"version-history":[{"count":2,"href":"https:\/\/www.itxasmarine.com\/en\/wp-json\/wp\/v2\/pages\/1521\/revisions"}],"predecessor-version":[{"id":1523,"href":"https:\/\/www.itxasmarine.com\/en\/wp-json\/wp\/v2\/pages\/1521\/revisions\/1523"}],"wp:attachment":[{"href":"https:\/\/www.itxasmarine.com\/en\/wp-json\/wp\/v2\/media?parent=1521"}],"curies":[{"name":"wp","href":"https:\/\/api.w.org\/{rel}","templated":true}]}}